{"id":3727,"date":"2013-05-24T20:56:37","date_gmt":"2013-05-24T20:56:37","guid":{"rendered":"http:\/\/avada.theme-fusion.comxml\/?page_id=3727"},"modified":"2022-11-04T07:13:56","modified_gmt":"2022-11-04T06:13:56","slug":"angebote","status":"publish","type":"page","link":"https:\/\/www.patrikgallati.ch\/index.php\/angebote\/","title":{"rendered":"Angebote und Infos"},"content":{"rendered":"<p><div class=\"fusion-fullwidth fullwidth-box fusion-builder-row-1 nonhundred-percent-fullwidth non-hundred-percent-height-scrolling\" style=\"background-color: #ffffff;background-position: left top;background-repeat: no-repeat;padding-top:0px;padding-right:0px;padding-bottom:0px;padding-left:0px;margin-bottom: 0px;margin-top: 0px;border-width: 0px 0px 0px 0px;border-color:#eae9e9;border-style:solid;\" ><div class=\"fusion-builder-row fusion-row\"><div class=\"fusion-layout-column fusion_builder_column fusion-builder-column-0 fusion_builder_column_1_1 1_1 fusion-one-full fusion-column-first fusion-column-last\" style=\"margin-top:0px;margin-bottom:20px;\"><div class=\"fusion-column-wrapper fusion-flex-column-wrapper-legacy\" style=\"background-position:left top;background-repeat:no-repeat;-webkit-background-size:cover;-moz-background-size:cover;-o-background-size:cover;background-size:cover;background-color:#f6f6f6;padding: 40px 40px 40px 40px;\"><div class=\"fusion-text fusion-text-1\"><p style=\"text-align: center;\">Hier findest Du verschiedene Angebote f\u00fcr Gleitschirm-Tandemfl\u00fcge sowie alle Informationen, die Du f\u00fcr Deinen Flug brauchst.<br \/>\nHast Du einen speziellen Wunsch oder Fragen? Melde Dich ungeniert via <strong><a href=\"mailto:info@patrikgallati.ch\" target=\"_blank\" rel=\"noopener\">E-Mail<\/a><\/strong>\u00a0oder Telefon.<\/p>\n<\/div><div class=\"fusion-clearfix\"><\/div><\/div><\/div><\/div><\/div><div class=\"fusion-fullwidth fullwidth-box fusion-builder-row-2 nonhundred-percent-fullwidth non-hundred-percent-height-scrolling\" style=\"background-color: #ffffff;background-position: left top;background-repeat: no-repeat;padding-top:30px;padding-right:0px;padding-bottom:60px;padding-left:0px;margin-bottom: 0px;margin-top: 0px;border-width: 0px 0px 0px 0px;border-color:#eae9e9;border-style:solid;\" ><div class=\"fusion-builder-row fusion-row\"><div class=\"fusion-layout-column fusion_builder_column fusion-builder-column-1 fusion_builder_column_1_1 1_1 fusion-one-full fusion-column-first fusion-column-last fusion-column-no-min-height\" style=\"margin-top:0px;margin-bottom:0px;\"><div class=\"fusion-column-wrapper fusion-flex-column-wrapper-legacy\" style=\"background-position:left top;background-repeat:no-repeat;-webkit-background-size:cover;-moz-background-size:cover;-o-background-size:cover;background-size:cover;padding: 0px 0px 0px 0px;\"><div class=\"fusion-content-boxes content-boxes columns row fusion-columns-3 fusion-columns-total-9 fusion-content-boxes-1 content-boxes-icon-boxed content-left\" data-animationOffset=\"top-into-view\" style=\"margin-top:0px;margin-bottom:60px;\"><style type=\"text\/css\">.fusion-content-boxes-1 .heading .content-box-heading {color:#e10707;}\n\t\t\t\t\t.fusion-content-boxes-1 .fusion-content-box-hover .link-area-link-icon-hover .heading .content-box-heading,\n\t\t\t\t\t.fusion-content-boxes-1 .fusion-content-box-hover .link-area-link-icon-hover .heading .heading-link .content-box-heading,\n\t\t\t\t\t.fusion-content-boxes-1 .fusion-content-box-hover .link-area-box-hover .heading .content-box-heading,\n\t\t\t\t\t.fusion-content-boxes-1 .fusion-content-box-hover .link-area-box-hover .heading .heading-link .content-box-heading,\n\t\t\t\t\t.fusion-content-boxes-1 .fusion-content-box-hover .link-area-link-icon-hover.link-area-box .fusion-read-more,\n\t\t\t\t\t.fusion-content-boxes-1 .fusion-content-box-hover .link-area-link-icon-hover.link-area-box .fusion-read-more::after,\n\t\t\t\t\t.fusion-content-boxes-1 .fusion-content-box-hover .link-area-link-icon-hover.link-area-box .fusion-read-more::before,\n\t\t\t\t\t.fusion-content-boxes-1 .fusion-content-box-hover .fusion-read-more:hover:after,\n\t\t\t\t\t.fusion-content-boxes-1 .fusion-content-box-hover .fusion-read-more:hover:before,\n\t\t\t\t\t.fusion-content-boxes-1 .fusion-content-box-hover .fusion-read-more:hover,\n\t\t\t\t\t.fusion-content-boxes-1 .fusion-content-box-hover .link-area-box-hover.link-area-box .fusion-read-more,\n\t\t\t\t\t.fusion-content-boxes-1 .fusion-content-box-hover .link-area-box-hover.link-area-box .fusion-read-more::after,\n\t\t\t\t\t.fusion-content-boxes-1 .fusion-content-box-hover .link-area-box-hover.link-area-box .fusion-read-more::before,\n\t\t\t\t\t.fusion-content-boxes-1 .fusion-content-box-hover .link-area-link-icon-hover .icon .circle-no,\n\t\t\t\t\t.fusion-content-boxes-1 .heading .heading-link:hover .content-box-heading {\n\t\t\t\t\t\tcolor: #e10707;\n\t\t\t\t\t}\n\t\t\t\t\t.fusion-content-boxes-1 .fusion-content-box-hover .link-area-box-hover .icon .circle-no {\n\t\t\t\t\t\tcolor: #e10707 !important;\n\t\t\t\t\t}.fusion-content-boxes-1 .fusion-content-box-hover .link-area-box.link-area-box-hover .fusion-content-box-button {background: #d60707;color: #780404;background-image: -webkit-gradient( linear, left bottom, left top, from( #e80707 ), to( #d60707 ) );background-image: linear-gradient( to top, #e80707, #d60707 )}.fusion-content-boxes-1 .fusion-content-box-hover .link-area-box.link-area-box-hover .fusion-content-box-button .fusion-button-text {color: #780404;}\n\t\t\t\t\t.fusion-content-boxes-1 .fusion-content-box-hover .link-area-link-icon-hover .heading .icon > span {\n\t\t\t\t\t\tbackground-color: #e10707 !important;\n\t\t\t\t\t}\n\t\t\t\t\t.fusion-content-boxes-1 .fusion-content-box-hover .link-area-box-hover .heading .icon > span {\n\t\t\t\t\t\tborder-color: #e10707 !important;\n\t\t\t\t\t}<\/style><div class=\"fusion-column content-box-column content-box-column content-box-column-1 col-lg-4 col-md-4 col-sm-4 fusion-content-box-hover content-box-column-first-in-row\"><div class=\"col content-box-wrapper content-wrapper-background content-wrapper-boxed link-area-link-icon link-type-text icon-hover-animation-fade\" style=\"background-color:#f6f6f6;\" data-animationOffset=\"top-into-view\"><div class=\"heading heading-with-icon icon-left\"><a class=\"heading-link\" href=\"http:\/\/www.patrikgallati.ch\/index.php\/basicflightinfo\/\" target=\"_self\"><div class=\"icon\"><i style=\"border-color:#e10707;border-width:1px;background-color:#e10707;box-sizing:content-box;height:42px;width:42px;line-height:42px;top:-71px;margin-left:-21px;border-radius:50%;color:#ffffff;font-size:21px;\" aria-hidden=\"true\" class=\"fontawesome-icon fa-star fas circle-yes\"><\/i><\/div><h2 class=\"content-box-heading fusion-responsive-typography-calculated\" style=\"font-size:18px;--fontSize:18;line-height:1.5;\">Basic-Flight<\/h2><\/a><\/div><div class=\"fusion-clearfix\"><\/div><div class=\"content-container\" style=\"color:#747474;\">\n<p>Genussflug mit ca. 1000m H\u00f6hendifferenz und ca. 15-25 Minuten Flugzeit.<\/p>\n<h2>CHF 180<\/h2>\n<\/div><div class=\"fusion-clearfix\"><\/div><a class=\" fusion-read-more\" href=\"http:\/\/www.patrikgallati.ch\/index.php\/basicflightinfo\/\" target=\"_self\">Mehr dazu<\/a><div class=\"fusion-clearfix\"><\/div><\/div><\/div><div class=\"fusion-column content-box-column content-box-column content-box-column-2 col-lg-4 col-md-4 col-sm-4 fusion-content-box-hover \"><div class=\"col content-box-wrapper content-wrapper-background content-wrapper-boxed link-area-link-icon link-type-text icon-hover-animation-fade\" style=\"background-color:#f6f6f6;\" data-animationOffset=\"top-into-view\"><div class=\"heading heading-with-icon icon-left\"><a class=\"heading-link\" href=\"http:\/\/www.patrikgallati.ch\/index.php\/thermalflightinfo\" target=\"_self\"><div class=\"icon\"><i style=\"border-color:#e10707;border-width:1px;background-color:#e10707;box-sizing:content-box;height:42px;width:42px;line-height:42px;top:-71px;margin-left:-21px;border-radius:50%;color:#ffffff;font-size:21px;\" aria-hidden=\"true\" class=\"fontawesome-icon fa-star fas circle-yes\"><\/i><\/div><h2 class=\"content-box-heading fusion-responsive-typography-calculated\" style=\"font-size:18px;--fontSize:18;line-height:1.5;\">Thermal-Flight<\/h2><\/a><\/div><div class=\"fusion-clearfix\"><\/div><div class=\"content-container\" style=\"color:#747474;\">\n<p>Thermikflug mit 30-60 Minuten Flugzeit oder H\u00f6hendifferenz gr\u00f6sser als 1200m (Gumengrat).<\/p>\n<h2>CHF 230<\/h2>\n<\/div><div class=\"fusion-clearfix\"><\/div><a class=\" fusion-read-more\" href=\"http:\/\/www.patrikgallati.ch\/index.php\/thermalflightinfo\" target=\"_self\">Mehr dazu<\/a><div class=\"fusion-clearfix\"><\/div><\/div><\/div><div class=\"fusion-column content-box-column content-box-column content-box-column-3 col-lg-4 col-md-4 col-sm-4 fusion-content-box-hover content-box-column-last-in-row\"><div class=\"col content-box-wrapper content-wrapper-background content-wrapper-boxed link-area-link-icon link-type-text icon-hover-animation-fade\" style=\"background-color:#f6f6f6;\" data-animationOffset=\"top-into-view\"><div class=\"heading heading-with-icon icon-left\"><a class=\"heading-link\" href=\"https:\/\/www.patrikgallati.ch\/index.php\/gruppengleitschirmflug\/\" target=\"_self\"><div class=\"icon\"><i style=\"border-color:#e10707;border-width:1px;background-color:#e10707;box-sizing:content-box;height:42px;width:42px;line-height:42px;top:-71px;margin-left:-21px;border-radius:50%;color:#ffffff;font-size:21px;\" aria-hidden=\"true\" class=\"fontawesome-icon fa-star fas circle-yes\"><\/i><\/div><h2 class=\"content-box-heading fusion-responsive-typography-calculated\" style=\"font-size:18px;--fontSize:18;line-height:1.5;\">Duo- \/ Gruppenfl\u00fcge<\/h2><\/a><\/div><div class=\"fusion-clearfix\"><\/div><div class=\"content-container\" style=\"color:#747474;\">\n<p class=\"bodytext\">Zu zweit oder als Gruppe gleichzeitig in der Luft.<\/p>\n<\/div><div class=\"fusion-clearfix\"><\/div><a class=\" fusion-read-more\" href=\"https:\/\/www.patrikgallati.ch\/index.php\/gruppengleitschirmflug\/\" target=\"_self\">Mehr dazu<\/a><div class=\"fusion-clearfix\"><\/div><\/div><\/div><div class=\"fusion-column content-box-column content-box-column content-box-column-4 col-lg-4 col-md-4 col-sm-4 fusion-content-box-hover content-box-column-first-in-row\"><div class=\"col content-box-wrapper content-wrapper-background content-wrapper-boxed link-area-link-icon link-type-text icon-hover-animation-fade\" style=\"background-color:#f6f6f6;\" data-animationOffset=\"top-into-view\"><div class=\"heading heading-with-icon icon-left\"><a class=\"heading-link\" href=\"http:\/\/www.patrikgallati.ch\/index.php\/mountainflightslight\" target=\"_self\"><div class=\"icon\"><i style=\"border-color:#e10707;border-width:1px;background-color:#e10707;box-sizing:content-box;height:42px;width:42px;line-height:42px;top:-71px;margin-left:-21px;border-radius:50%;color:#ffffff;font-size:21px;\" aria-hidden=\"true\" class=\"fontawesome-icon fa-star fas circle-yes\"><\/i><\/div><h2 class=\"content-box-heading fusion-responsive-typography-calculated\" style=\"font-size:18px;--fontSize:18;line-height:1.5;\">Mountain-Flights light<\/h2><\/a><\/div><div class=\"fusion-clearfix\"><\/div><div class=\"content-container\" style=\"color:#747474;\">\n<p class=\"bodytext\">Wanderung und anschliessendem Flug vom Hirzli oder Tierberg<\/p>\n<h2>CHF 230<\/h2>\n<\/div><div class=\"fusion-clearfix\"><\/div><a class=\" fusion-read-more\" href=\"http:\/\/www.patrikgallati.ch\/index.php\/mountainflightslight\" target=\"_self\">Mehr dazu<\/a><div class=\"fusion-clearfix\"><\/div><\/div><\/div><div class=\"fusion-column content-box-column content-box-column content-box-column-5 col-lg-4 col-md-4 col-sm-4 fusion-content-box-hover \"><div class=\"col content-box-wrapper content-wrapper-background content-wrapper-boxed link-area-link-icon link-type-text icon-hover-animation-fade\" style=\"background-color:#f6f6f6;\" data-animationOffset=\"top-into-view\"><div class=\"heading heading-with-icon icon-left\"><a class=\"heading-link\" href=\"http:\/\/www.patrikgallati.ch\/index.php\/mountainflightspremium\" target=\"_self\"><div class=\"icon\"><i style=\"border-color:#e10707;border-width:1px;background-color:#e10707;box-sizing:content-box;height:42px;width:42px;line-height:42px;top:-71px;margin-left:-21px;border-radius:50%;color:#ffffff;font-size:21px;\" aria-hidden=\"true\" class=\"fontawesome-icon fa-star fas circle-yes\"><\/i><\/div><h2 class=\"content-box-heading fusion-responsive-typography-calculated\" style=\"font-size:18px;--fontSize:18;line-height:1.5;\">Mountain-Flights premium<\/h2><\/a><\/div><div class=\"fusion-clearfix\"><\/div><div class=\"content-container\" style=\"color:#747474;\">\n<p class=\"bodytext\">Wanderung und anschliessendem Flug vom Wiggis, Schilt (Siwellen) oder Vordergl\u00e4rnisch:<\/p>\n<h2>CHF 290<\/h2>\n<\/div><div class=\"fusion-clearfix\"><\/div><a class=\" fusion-read-more\" href=\"http:\/\/www.patrikgallati.ch\/index.php\/mountainflightspremium\" target=\"_self\">Mehr dazu<\/a><div class=\"fusion-clearfix\"><\/div><\/div><\/div><div class=\"fusion-column content-box-column content-box-column content-box-column-6 col-lg-4 col-md-4 col-sm-4 fusion-content-box-hover content-box-column-last-in-row\"><div class=\"col content-box-wrapper content-wrapper-background content-wrapper-boxed link-area-link-icon link-type-text icon-hover-animation-fade\" style=\"background-color:#f6f6f6;\" data-animationOffset=\"top-into-view\"><div class=\"heading heading-with-icon icon-left\"><a class=\"heading-link\" href=\"http:\/\/www.patrikgallati.ch\/index.php\/mountainflightgold\" target=\"_self\"><div class=\"icon\"><i style=\"border-color:#e10707;border-width:1px;background-color:#e10707;box-sizing:content-box;height:42px;width:42px;line-height:42px;top:-71px;margin-left:-21px;border-radius:50%;color:#ffffff;font-size:21px;\" aria-hidden=\"true\" class=\"fontawesome-icon fa-star fas circle-yes\"><\/i><\/div><h2 class=\"content-box-heading fusion-responsive-typography-calculated\" style=\"font-size:18px;--fontSize:18;line-height:1.5;\">Mountain-Flight gold<\/h2><\/a><\/div><div class=\"fusion-clearfix\"><\/div><div class=\"content-container\" style=\"color:#747474;\">\n<p class=\"bodytext\">Wanderung und anschliessendem Flug vom Gemsfairen<\/p>\n<p>(wohl der sch\u00f6nste und l\u00e4ngste Hike and Fly-Flug im Glarnerland)<\/p>\n<h2>CHF 350<\/h2>\n<\/div><div class=\"fusion-clearfix\"><\/div><a class=\" fusion-read-more\" href=\"http:\/\/www.patrikgallati.ch\/index.php\/mountainflightgold\" target=\"_self\">Mehr dazu<\/a><div class=\"fusion-clearfix\"><\/div><\/div><\/div><div class=\"fusion-column content-box-column content-box-column content-box-column-7 col-lg-4 col-md-4 col-sm-4 fusion-content-box-hover content-box-column-first-in-row\"><div class=\"col content-box-wrapper content-wrapper-background content-wrapper-boxed link-area-link-icon icon-hover-animation-fade\" style=\"background-color:#f6f6f6;\" data-animationOffset=\"top-into-view\"><div class=\"heading heading-with-icon icon-left\"><div class=\"icon\"><i style=\"border-color:#e10707;border-width:1px;background-color:#e10707;box-sizing:content-box;height:42px;width:42px;line-height:42px;top:-71px;margin-left:-21px;border-radius:50%;color:#ffffff;font-size:21px;\" aria-hidden=\"true\" class=\"fontawesome-icon fa-star fas circle-yes\"><\/i><\/div><h2 class=\"content-box-heading fusion-responsive-typography-calculated\" style=\"font-size:18px;--fontSize:18;line-height:1.5;\">Wunsch-Mountain-Flights<\/h2><\/div><div class=\"fusion-clearfix\"><\/div><div class=\"content-container\" style=\"color:#747474;\">\n<p class=\"bodytext\">Andere Berge auf Anfrage.<\/p>\n<\/div><\/div><\/div><div class=\"fusion-column content-box-column content-box-column content-box-column-8 col-lg-4 col-md-4 col-sm-4 fusion-content-box-hover \"><div class=\"col content-box-wrapper content-wrapper-background content-wrapper-boxed link-area-link-icon link-type-text icon-hover-animation-fade\" style=\"background-color:#f6f6f6;\" data-animationOffset=\"top-into-view\"><div class=\"heading heading-with-icon icon-left\"><a class=\"heading-link\" href=\"http:\/\/www.patrikgallati.ch\/index.php\/gutschein\/\" target=\"_self\"><div class=\"icon\"><i style=\"border-color:#e10707;border-width:1px;background-color:#e10707;box-sizing:content-box;height:42px;width:42px;line-height:42px;top:-71px;margin-left:-21px;border-radius:50%;color:#ffffff;font-size:21px;\" aria-hidden=\"true\" class=\"fontawesome-icon fa-star fas circle-yes\"><\/i><\/div><h2 class=\"content-box-heading fusion-responsive-typography-calculated\" style=\"font-size:18px;--fontSize:18;line-height:1.5;\">Geschenk-Gutscheine<\/h2><\/a><\/div><div class=\"fusion-clearfix\"><\/div><div class=\"content-container\" style=\"color:#747474;\">\n<p class=\"bodytext\" style=\"text-align: center;\">Alle Fl\u00fcge sind auch als Geschenk-Gutscheine erh\u00e4ltlich.<\/p>\n<\/div><div class=\"fusion-clearfix\"><\/div><a class=\" fusion-read-more\" href=\"http:\/\/www.patrikgallati.ch\/index.php\/gutschein\/\" target=\"_self\">Mehr dazu<\/a><div class=\"fusion-clearfix\"><\/div><\/div><\/div><div class=\"fusion-column content-box-column content-box-column content-box-column-9 col-lg-4 col-md-4 col-sm-4 fusion-content-box-hover content-box-column-last content-box-column-last-in-row\"><div class=\"col content-box-wrapper content-wrapper-background content-wrapper-boxed link-area-link-icon icon-hover-animation-fade\" style=\"background-color:#f6f6f6;\" data-animationOffset=\"top-into-view\"><div class=\"heading heading-with-icon icon-left\"><div class=\"icon\"><i style=\"border-color:#e10707;border-width:1px;background-color:#e10707;box-sizing:content-box;height:42px;width:42px;line-height:42px;top:-71px;margin-left:-21px;border-radius:50%;color:#ffffff;font-size:21px;\" aria-hidden=\"true\" class=\"fontawesome-icon fa-star fas circle-yes\"><\/i><\/div><h2 class=\"content-box-heading fusion-responsive-typography-calculated\" style=\"font-size:18px;--fontSize:18;line-height:1.5;\">Fotos von Deinem Flug<\/h2><\/div><div class=\"fusion-clearfix\"><\/div><div class=\"content-container\" style=\"color:#747474;\">\n<p class=\"bodytext\">Auf Wunsch machen wir Bilder und Videos mit einer Weitwinkel-Kamera und Teleskopstange.<\/p>\n<h2>CHF 25 pro Person<\/h2>\n<\/div><\/div><\/div><style type=\"text\/css\">\n\t\t\t\t\t\t.fusion-content-boxes-1 .fusion-content-box-hover .heading-link:hover .icon i.circle-yes,\n\t\t\t\t\t\t.fusion-content-boxes-1 .fusion-content-box-hover .link-area-box:hover .heading-link .icon i.circle-yes,\n\t\t\t\t\t\t.fusion-content-boxes-1 .fusion-content-box-hover .link-area-link-icon-hover .heading .icon i.circle-yes,\n\t\t\t\t\t\t.fusion-content-boxes-1 .fusion-content-box-hover .link-area-box-hover .heading .icon i.circle-yes {\n\t\t\t\t\t\t\tbackground-color: #e10707 !important;\n\t\t\t\t\t\t\tborder-color: #e10707 !important;\n\t\t\t\t\t\t}<\/style><div class=\"fusion-clearfix\"><\/div><\/div><div class=\"fusion-clearfix\"><\/div><\/div><\/div><\/div><\/div><div class=\"fusion-fullwidth fullwidth-box fusion-builder-row-3 nonhundred-percent-fullwidth non-hundred-percent-height-scrolling\" style=\"background-color: #ffffff;background-position: left top;background-repeat: no-repeat;padding-top:0px;padding-right:0px;padding-bottom:0px;padding-left:0px;margin-bottom: 0px;margin-top: 0px;border-width: 0px 0px 0px 0px;border-color:#eae9e9;border-style:solid;\" ><div class=\"fusion-builder-row fusion-row\"><div class=\"fusion-layout-column fusion_builder_column fusion-builder-column-2 fusion_builder_column_1_1 1_1 fusion-one-full fusion-column-first fusion-column-last\" style=\"margin-top:0px;margin-bottom:20px;\"><div class=\"fusion-column-wrapper fusion-flex-column-wrapper-legacy\" style=\"background-position:left top;background-repeat:no-repeat;-webkit-background-size:cover;-moz-background-size:cover;-o-background-size:cover;background-size:cover;background-color:#f6f6f6;padding: 40px 40px 40px 40px;\"><div class=\"fusion-text fusion-text-2\"><p class=\"bodytext\"><b>Anmeldung und Informationen<\/b><\/p>\n<p class=\"bodytext\">Ich bin per <strong>E-Mail oder telefonisch<\/strong> erreichbar.<\/p>\n<p class=\"bodytext\">Wir k\u00f6nnen ein Datum abmachen und dann entscheiden welcher Gipfel oder welches Fluggebiet an jenem Tag fliegbar ist, oder Du hast einen speziellen Berg als Wunsch und\/oder Du bist flexibel, dann kann ich mich auch kurzfristig bei gutem Bedingungen bei Dir melden (2 Tag vorher provisorisch, am Abend vorher definitiv).<\/p>\n<p class=\"bodytext\"><b>Voraussetzungen<\/b><\/p>\n<ul>\n<li>Alter: keine Einschr\u00e4nkung (Kinder unter 16 Jahren mit Einwilligung der Eltern)<\/li>\n<li>Gewicht: Es kann mit Passagieren bis ca. 100 kg geflogen werden<\/li>\n<li>Kondition: Ein paar Schritte schnell laufen sollte man k\u00f6nnen<\/li>\n<li>Flugangst: Wenn du dich auf einer Gondelbahn wohl f\u00fchlst, ist Gleitschirmfliegen kein Problem<\/li>\n<\/ul>\n<p class=\"bodytext\"><b>Ausr\u00fcstung<\/b><\/p>\n<ul>\n<li>Kn\u00f6chelhohe gute Wanderschuhe<\/li>\n<li>Der Jahreszeit angepasste warme Kleidung (etwa wie du eine Ski-oder Bikeabfahrt machst)<\/li>\n<li>Sonnenbrille<\/li>\n<li>Allenfalls Handschuhe und M\u00fctze<\/li>\n<\/ul>\n<p class=\"bodytext\">Die gesamte Flugausr\u00fcstung inkl. Helm bringe ich mit.<\/p>\n<p class=\"bodytext\"><b>Sicherheit<\/b><\/p>\n<p class=\"bodytext\">Gleitschirmfliegen ist sehr von Wetter und Wind abh\u00e4ngig. Gestartet wird nur wenn die Bedingungen gut sind.<\/p>\n<p class=\"bodytext\">Besonders bei Mountain-Flights von Bergipfeln mit grosser H\u00f6he kann es vorkommen, dass nicht gestartet werden kann. Rechne also Zeit ein, damit im schlechtesten Fall zu Fuss abgestiegen werden kann.<\/p>\n<p class=\"bodytext\"><b>Versicherung<\/b><\/p>\n<p class=\"bodytext\">Gleitschirmfliegen ist eine Nicht-Risikosportart. Die normale Unfallversicherung gen\u00fcgt.<\/p>\n<p class=\"bodytext\"><b>Preise<\/b><\/p>\n<p class=\"bodytext\">Exkl. Bergfahrt.<\/p>\n<\/div><div class=\"fusion-clearfix\"><\/div><\/div><\/div><\/div><\/div><\/p>\n","protected":false},"excerpt":{"rendered":"","protected":false},"author":1,"featured_media":0,"parent":0,"menu_order":0,"comment_status":"open","ping_status":"closed","template":"","meta":{"footnotes":""},"_links":{"self":[{"href":"https:\/\/www.patrikgallati.ch\/index.php\/wp-json\/wp\/v2\/pages\/3727"}],"collection":[{"href":"https:\/\/www.patrikgallati.ch\/index.php\/wp-json\/wp\/v2\/pages"}],"about":[{"href":"https:\/\/www.patrikgallati.ch\/index.php\/wp-json\/wp\/v2\/types\/page"}],"author":[{"embeddable":true,"href":"https:\/\/www.patrikgallati.ch\/index.php\/wp-json\/wp\/v2\/users\/1"}],"replies":[{"embeddable":true,"href":"https:\/\/www.patrikgallati.ch\/index.php\/wp-json\/wp\/v2\/comments?post=3727"}],"version-history":[{"count":48,"href":"https:\/\/www.patrikgallati.ch\/index.php\/wp-json\/wp\/v2\/pages\/3727\/revisions"}],"predecessor-version":[{"id":12431,"href":"https:\/\/www.patrikgallati.ch\/index.php\/wp-json\/wp\/v2\/pages\/3727\/revisions\/12431"}],"wp:attachment":[{"href":"https:\/\/www.patrikgallati.ch\/index.php\/wp-json\/wp\/v2\/media?parent=3727"}],"curies":[{"name":"wp","href":"https:\/\/api.w.org\/{rel}","templated":true}]}}