{"id":12294,"date":"2020-12-18T08:18:57","date_gmt":"2020-12-18T07:18:57","guid":{"rendered":"http:\/\/www.patrikgallati.ch\/?page_id=12294"},"modified":"2020-12-18T08:20:14","modified_gmt":"2020-12-18T07:20:14","slug":"dsvgo","status":"publish","type":"page","link":"https:\/\/www.patrikgallati.ch\/index.php\/dsvgo\/","title":{"rendered":"DSVGO"},"content":{"rendered":"<h1>Datenschutzverordnung<\/h1>\n<h2>Wer wir sind<\/h2>\n<p>Die Adresse unserer Website ist: https:\/\/www.patrikgallati.ch.<\/p>\n<h2>Welche personenbezogenen Daten wir sammeln und warum wir sie sammeln<\/h2>\n<h3>Cookies<\/h3>\n<p>Wenn du einen Kommentar auf unserer Website schreibst, kann das eine Einwilligung sein, deinen Namen, E-Mail-Adresse und Website in Cookies zu speichern. Dies ist eine Komfortfunktion, damit du nicht, wenn du einen weiteren Kommentar schreibst, all diese Daten erneut eingeben musst. Diese Cookies werden ein Jahr lang gespeichert.<\/p>\n<p>Falls du ein Konto hast und dich auf dieser Website anmeldest, werden wir ein tempor\u00e4res Cookie setzen, um festzustellen, ob dein Browser Cookies akzeptiert. Dieses Cookie enth\u00e4lt keine personenbezogenen Daten und wird verworfen, wenn du deinen Browser schlie\u00dft.<\/p>\n<p>Wenn du dich anmeldest, werden wir einige Cookies einrichten, um deine Anmeldeinformationen und Anzeigeoptionen zu speichern. Anmelde-Cookies verfallen nach zwei Tagen und Cookies f\u00fcr die Anzeigeoptionen nach einem Jahr. Falls du bei der Anmeldung \u201eAngemeldet bleiben\u201c ausw\u00e4hlst, wird deine Anmeldung zwei Wochen lang aufrechterhalten. Mit der Abmeldung aus deinem Konto werden die Anmelde-Cookies gel\u00f6scht.<\/p>\n<p>Wenn du einen Artikel bearbeitest oder ver\u00f6ffentlichst, wird ein zus\u00e4tzlicher Cookie in deinem Browser gespeichert. Dieser Cookie enth\u00e4lt keine personenbezogenen Daten und verweist nur auf die Beitrags-ID des Artikels, den du gerade bearbeitet hast. Der Cookie verf\u00e4llt nach einem Tag.<\/p>\n<h3>Eingebettete Inhalte von anderen Websites<\/h3>\n<p>Beitr\u00e4ge auf dieser Website k\u00f6nnen eingebettete Inhalte beinhalten (z.\u00a0B. Videos, Bilder, Beitr\u00e4ge etc.). Eingebettete Inhalte von anderen Websites verhalten sich exakt so, als ob der Besucher die andere Website besucht h\u00e4tte.<\/p>\n<p>Diese Websites k\u00f6nnen Daten \u00fcber dich sammeln, Cookies benutzen, zus\u00e4tzliche Tracking-Dienste von Dritten einbetten und deine Interaktion mit diesem eingebetteten Inhalt aufzeichnen, inklusive deiner Interaktion mit dem eingebetteten Inhalt, falls du ein Konto hast und auf dieser Website angemeldet bist.<\/p>\n<p><strong>Nutzung von Google Analytics<\/strong><\/p>\n<p>Wir verwenden Google Analytics, um die Website-Nutzung zu analysieren. Die daraus gewonnenen Daten werden genutzt, um unsere Website sowie Werbema\u00dfnahmen zu optimieren.<\/p>\n<p>Google Analytics ist ein Webanalysedienst, der von\u00a0<em>Google Inc.<\/em>\u00a0(1600 Amphitheatre Parkway, Mountain View, CA 94043, United States) betrieben und bereitgestellt wird. Google verarbeitet die Daten zur Website-Nutzung in unserem Auftrag und verpflichtet sich vertraglich zu Ma\u00dfnahmen, um die Vertraulichkeit der verarbeiteten Daten zu gew\u00e4hrleisten.<\/p>\n<p>W\u00e4hrend Ihres Website-Besuchs werden u.a. folgende Daten aufgezeichnet:<\/p>\n<ul>\n<li>Aufgerufene Seiten<\/li>\n<li>Bestellungen inkl. des Umsatzes und der bestellten Produkte<\/li>\n<li>Die Erreichung von &#8222;Website-Zielen&#8220;\u00a0(z.B. Kontaktanfragen und Newsletter-Anmeldungen)<\/li>\n<li>Ihr Verhalten auf den Seiten\u00a0(beispielsweise Klicks, Scroll-Verhalten und Verweildauer)<\/li>\n<li>Ihr ungef\u00e4hrer Standort (Land und Stadt)<\/li>\n<li>Ihre IP-Adresse (in gek\u00fcrzter Form, sodass keine eindeutige Zuordnung m\u00f6glich ist)<\/li>\n<li>Technische Informationen wie Browser, Internetanbieter, Endger\u00e4t und Bildschirmaufl\u00f6sung<\/li>\n<li>Herkunftsquelle Deines Besuchs (d.h. \u00fcber welche Website bzw. \u00fcber welches Werbemittel Du zu uns gekommen bist)<\/li>\n<\/ul>\n<p>Diese Daten werden an einen Server von Google in den USA \u00fcbertragen. Google beachtet dabei die Datenschutzbestimmungen des \u201eEU-US Privacy Shield\u201c-Abkommens.<\/p>\n<p>Google Analytics speichert Cookies in Ihrem Webbrowser f\u00fcr die Dauer von zwei Jahren seit Deinem letzten Besuch. Diese Cookies enthaltene eine zufallsgenerierte User-ID, mit der Du bei zuk\u00fcnftigen Website-Besuchen wiedererkannt werden kannst.<\/p>\n<p>Die aufgezeichneten Daten werden zusammen mit der zufallsgenerierten User-ID gespeichert, was die Auswertung pseudonymer Nutzerprofile erm\u00f6glicht.\u00a0Diese nutzerbezogenen Daten werden automatisch nach 14 Monaten gel\u00f6scht.\u00a0Sonstige Daten bleiben in aggregierter Form unbefristet gespeichert.<\/p>\n<p>Solltest Du mit der Erfassung nicht einverstanden sein, kannst Du diese mit der einmaligen Installation des <a href=\"https:\/\/tools.google.com\/dlpage\/gaoptout?hl=de\"><strong>Browser-Add-ons zur Deaktivierung von Google Analytics<\/strong><\/a>\u00a0unterbinden.<\/p>\n<p><em>Quelle:\u00a0<\/em><a href=\"https:\/\/traffic3.net\/\"><strong><em>traffic3.net<\/em><\/strong><\/a><\/p>\n<h2>Mit wem wir deine Daten teilen<\/h2>\n<p>Deine Daten werden nur f\u00fcr den internen Gebrauch von Patrik Gallati verwendet. Sie werden weder verkauft noch weitergegeben.<\/p>\n<h2>Wie lange wir deine Daten speichern<\/h2>\n<p>Wenn du einen Kommentar schreibst, wird dieser inklusive Metadaten zeitlich unbegrenzt gespeichert. Auf diese Art k\u00f6nnen wir Folgekommentare automatisch erkennen und freigeben, anstelle sie in einer Moderations-Warteschlange festzuhalten.<\/p>\n<p>F\u00fcr Benutzer, die sich auf unserer Website registrieren, speichern wir zus\u00e4tzlich die pers\u00f6nlichen Informationen, die sie in ihren Benutzerprofilen angeben. Alle Benutzer k\u00f6nnen jederzeit ihre pers\u00f6nlichen Informationen einsehen, ver\u00e4ndern oder l\u00f6schen (der Benutzername kann nicht ver\u00e4ndert werden). Administratoren der Website k\u00f6nnen diese Informationen ebenfalls einsehen und ver\u00e4ndern.<\/p>\n<h2>Welche Rechte du an deinen Daten hast<\/h2>\n<p>Wenn du ein Konto auf dieser Website besitzt oder Kommentare geschrieben hast, kannst du einen Export deiner personenbezogenen Daten bei uns anfordern, inklusive aller Daten, die du uns mitgeteilt hast. Dar\u00fcber hinaus kannst du die L\u00f6schung aller personenbezogenen Daten, die wir von dir gespeichert haben, anfordern. Dies umfasst nicht die Daten, die wir aufgrund administrativer, rechtlicher oder sicherheitsrelevanter Notwendigkeiten aufbewahren m\u00fcssen.<\/p>\n<h2>Wohin wir deine Daten senden<\/h2>\n<p>Besucher-Kommentare k\u00f6nnten von einem automatisierten Dienst zur Spam-Erkennung untersucht werden.<\/p>\n<p>&nbsp;<\/p>\n","protected":false},"excerpt":{"rendered":"<p>Datenschutzverordnung Wer wir sind Die Adresse unserer Website ist: https:\/\/www.patrikgallati.ch. Welche personenbezogenen Daten wir sammeln und warum wir sie sammeln Cookies Wenn du einen Kommentar auf unserer Website schreibst, kann das eine Einwilligung sein, deinen Namen, E-Mail-Adresse und Website in Cookies zu speichern. Dies ist eine Komfortfunktion, damit du nicht, wenn du einen weiteren Kommentar schreibst, [&hellip;]<\/p>\n","protected":false},"author":1,"featured_media":0,"parent":0,"menu_order":0,"comment_status":"closed","ping_status":"closed","template":"","meta":{"footnotes":""},"_links":{"self":[{"href":"https:\/\/www.patrikgallati.ch\/index.php\/wp-json\/wp\/v2\/pages\/12294"}],"collection":[{"href":"https:\/\/www.patrikgallati.ch\/index.php\/wp-json\/wp\/v2\/pages"}],"about":[{"href":"https:\/\/www.patrikgallati.ch\/index.php\/wp-json\/wp\/v2\/types\/page"}],"author":[{"embeddable":true,"href":"https:\/\/www.patrikgallati.ch\/index.php\/wp-json\/wp\/v2\/users\/1"}],"replies":[{"embeddable":true,"href":"https:\/\/www.patrikgallati.ch\/index.php\/wp-json\/wp\/v2\/comments?post=12294"}],"version-history":[{"count":2,"href":"https:\/\/www.patrikgallati.ch\/index.php\/wp-json\/wp\/v2\/pages\/12294\/revisions"}],"predecessor-version":[{"id":12296,"href":"https:\/\/www.patrikgallati.ch\/index.php\/wp-json\/wp\/v2\/pages\/12294\/revisions\/12296"}],"wp:attachment":[{"href":"https:\/\/www.patrikgallati.ch\/index.php\/wp-json\/wp\/v2\/media?parent=12294"}],"curies":[{"name":"wp","href":"https:\/\/api.w.org\/{rel}","templated":true}]}}