{"id":11997,"date":"2019-01-17T08:03:29","date_gmt":"2019-01-17T07:03:29","guid":{"rendered":"http:\/\/rrzlewllb.cyon.link\/?page_id=11997"},"modified":"2022-10-31T20:41:35","modified_gmt":"2022-10-31T19:41:35","slug":"mountainflightslight","status":"publish","type":"page","link":"https:\/\/www.patrikgallati.ch\/index.php\/mountainflightslight\/","title":{"rendered":"Mountainflightslight"},"content":{"rendered":"<div class=\"fusion-fullwidth fullwidth-box fusion-builder-row-1 hundred-percent-fullwidth non-hundred-percent-height-scrolling\" style=\"background-color: #ffffff;background-position: center center;background-repeat: no-repeat;padding-top:0px;padding-right:0px;padding-bottom:0px;padding-left:0px;margin-bottom: 0px;margin-top: 0px;border-width: 0px 0px 0px 0px;border-color:#eae9e9;border-style:solid;\" ><div class=\"fusion-builder-row fusion-row\"><div class=\"fusion-layout-column fusion_builder_column fusion-builder-column-0 fusion_builder_column_1_1 1_1 fusion-one-full fusion-column-first fusion-column-last fusion-column-no-min-height\" style=\"margin-top:0px;margin-bottom:0px;\"><div class=\"fusion-column-wrapper fusion-flex-column-wrapper-legacy\" style=\"background-position:left top;background-repeat:no-repeat;-webkit-background-size:cover;-moz-background-size:cover;-o-background-size:cover;background-size:cover;padding: 0px 0px 0px 0px;\"><div class=\"fusion-slider-sc fusion-flexslider-loading flexslider flexslider-hover-type-none\" data-slideshow_autoplay=\"1\" data-slideshow_smooth_height=\"0\" data-slideshow_speed=\"7000\" style=\"max-width:100%;height:100%;\"><ul class=\"slides\"><li class=\"image\"><span class=\"fusion-image-hover-element hover-type-none\"><img decoding=\"async\" src=\"http:\/\/www.patrikgallati.ch\/wp-content\/uploads\/2022\/10\/G0082915.jpg\" class=\"wp-image-12324\" \/><\/span><\/li><\/ul><\/div><div class=\"fusion-sep-clear\"><\/div><div class=\"fusion-separator fusion-full-width-sep\" style=\"margin-left: auto;margin-right: auto;margin-top:10px;margin-bottom:10px;width:100%;\"><\/div><div class=\"fusion-sep-clear\"><\/div><div class=\"fusion-clearfix\"><\/div><\/div><\/div><div class=\"fusion-layout-column fusion_builder_column fusion-builder-column-1 fusion_builder_column_1_1 1_1 fusion-one-full fusion-column-first fusion-column-last fusion-column-no-min-height\" style=\"margin-top:0px;margin-bottom:0px;\"><div class=\"fusion-column-wrapper fusion-flex-column-wrapper-legacy\" style=\"background-position:left top;background-repeat:no-repeat;-webkit-background-size:cover;-moz-background-size:cover;-o-background-size:cover;background-size:cover;padding: 0px 0px 0px 0px;\"><style type=\"text\/css\"><\/style><div class=\"fusion-title title fusion-title-1 fusion-title-text fusion-title-size-two\" style=\"margin-top:0px;margin-right:0px;margin-bottom:0px;margin-left:0px;\"><h2 class=\"title-heading-left fusion-responsive-typography-calculated\" style=\"margin:0;--fontSize:18;--minFontSize:18px;line-height:1.5;\"><h2>Infos zum Mountain-Flight<\/h2><\/h2><span class=\"awb-title-spacer\"><\/span><div class=\"title-sep-container\"><div class=\"title-sep sep-\" style=\"border-color:#e0dede;\"><\/div><\/div><\/div><div class=\"fusion-clearfix\"><\/div><\/div><\/div><div class=\"fusion-layout-column fusion_builder_column fusion-builder-column-2 fusion_builder_column_1_1 1_1 fusion-one-full fusion-column-first fusion-column-last fusion-column-no-min-height\" style=\"margin-top:0px;margin-bottom:0px;\"><div class=\"fusion-column-wrapper fusion-flex-column-wrapper-legacy\" style=\"background-position:left top;background-repeat:no-repeat;-webkit-background-size:cover;-moz-background-size:cover;-o-background-size:cover;background-size:cover;padding: 0px 0px 0px 0px;\"><div class=\"fusion-text fusion-text-1\"><p class=\"bodytext\">Wir gelangen mit dem Shuttle oder der Bahn und anschliessender Wanderung auf den Berggipfel und\u00a0zum Startplatz.<\/p>\n<p class=\"bodytext\">Ich bringe dir ein bequemer Rucksack inkl. ca. 2 bis 4 kg der Flugausr\u00fcstung mit, in dem du noch\u00a0gen\u00fcgend Platz f\u00fcr dein pers\u00f6nliches Equipment hast.<\/p>\n<p class=\"bodytext\">Zeitaufwand je nach Berggipfel, bei Mountain-Flights von Bergipfeln mit grosser H\u00f6he kann es\u00a0vorkommen, dass nicht gestartet werden kann. Rechne also Zeit ein, damit im schlechtesten Fall zu\u00a0Fuss abgestiegen werden kann.<\/p>\n<\/div><div class=\"fusion-clearfix\"><\/div><\/div><\/div><\/div><style type=\"text\/css\">.fusion-fullwidth.fusion-builder-row-1 { overflow:visible; }<\/style><\/div>\n","protected":false},"excerpt":{"rendered":"","protected":false},"author":1,"featured_media":0,"parent":0,"menu_order":0,"comment_status":"open","ping_status":"open","template":"","meta":{"footnotes":""},"_links":{"self":[{"href":"https:\/\/www.patrikgallati.ch\/index.php\/wp-json\/wp\/v2\/pages\/11997"}],"collection":[{"href":"https:\/\/www.patrikgallati.ch\/index.php\/wp-json\/wp\/v2\/pages"}],"about":[{"href":"https:\/\/www.patrikgallati.ch\/index.php\/wp-json\/wp\/v2\/types\/page"}],"author":[{"embeddable":true,"href":"https:\/\/www.patrikgallati.ch\/index.php\/wp-json\/wp\/v2\/users\/1"}],"replies":[{"embeddable":true,"href":"https:\/\/www.patrikgallati.ch\/index.php\/wp-json\/wp\/v2\/comments?post=11997"}],"version-history":[{"count":9,"href":"https:\/\/www.patrikgallati.ch\/index.php\/wp-json\/wp\/v2\/pages\/11997\/revisions"}],"predecessor-version":[{"id":12348,"href":"https:\/\/www.patrikgallati.ch\/index.php\/wp-json\/wp\/v2\/pages\/11997\/revisions\/12348"}],"wp:attachment":[{"href":"https:\/\/www.patrikgallati.ch\/index.php\/wp-json\/wp\/v2\/media?parent=11997"}],"curies":[{"name":"wp","href":"https:\/\/api.w.org\/{rel}","templated":true}]}}